{"id":97,"date":"2019-05-01T23:04:01","date_gmt":"2019-05-01T21:04:01","guid":{"rendered":"http:\/\/auteg.fr\/?page_id=97"},"modified":"2019-05-01T23:04:01","modified_gmt":"2019-05-01T21:04:01","slug":"accueil","status":"publish","type":"page","link":"http:\/\/electronica-technologies.com\/auteg\/","title":{"rendered":"Accueil"},"content":{"rendered":"\n\t\t\t\t<![CDATA[\n<p>DES STATIONS DE MESURE AUTONOMES A L\u2019EFFICACIT\u00c9 RECONNUE DEPUIS 40 ANS<\/p>\n\n\n<blockquote class=\"wp-block-quote is-layout-flow wp-block-quote-is-layout-flow\"><p> En 1976, des pr\u00e9curseurs ont cr\u00e9\u00e9 les premi\u00e8res stations d\u2019acquisition autonomes sous le nom d\u2019EMAC. <br \/>L\u2019acronyme EMAC, Enregistrement Magn\u00e9tique A Cassette, venait de la technologie disponible d\u2019alors : <br \/>des enregistrements de donn\u00e9es effectu\u00e9s sur cassette audio.<br \/>En parall\u00e8le fut cr\u00e9\u00e9e la structure juridique AUTEG : AUtomate de TEl\u00e9Gestion.<br \/>En 2007, ELECTRONICA TECHNOLOGIES rach\u00e8te la structure et commercialise les stations qu\u2019elle con\u00e7oit sous le nom d\u2019AUTEG. 40 ans apr\u00e8s les premiers mod\u00e8les, les nouveaux \u00e9quipements AUTEG r\u00e9pondent plus que jamais aux exigences d\u2019un march\u00e9 en perp\u00e9tuelle \u00e9volution. Les produits AUTEG sont pr\u00e9sents sur le march\u00e9 de la m\u00e9t\u00e9o routi\u00e8re, de la pr\u00e9vention des risques de crue, du suivi de la qualit\u00e9 des eaux et de toutes formes d\u2019acquisitions de donn\u00e9es, en milieux \u00ab difficiles \u00bb (\u00e9nergie limit\u00e9e, communication difficile, conditions climatiques s\u00e9v\u00e8res).&nbsp; <\/p><\/blockquote>\n]]>\t\t","protected":false},"excerpt":{"rendered":"<p>\t\t\t\t<![CDATA[]]>\t\t<\/p>\n","protected":false},"author":2,"featured_media":0,"parent":0,"menu_order":0,"comment_status":"closed","ping_status":"closed","template":"","meta":{"footnotes":""},"class_list":["post-97","page","type-page","status-publish","hentry"],"_links":{"self":[{"href":"http:\/\/electronica-technologies.com\/auteg\/index.php\/wp-json\/wp\/v2\/pages\/97","targetHints":{"allow":["GET"]}}],"collection":[{"href":"http:\/\/electronica-technologies.com\/auteg\/index.php\/wp-json\/wp\/v2\/pages"}],"about":[{"href":"http:\/\/electronica-technologies.com\/auteg\/index.php\/wp-json\/wp\/v2\/types\/page"}],"author":[{"embeddable":true,"href":"http:\/\/electronica-technologies.com\/auteg\/index.php\/wp-json\/wp\/v2\/users\/2"}],"replies":[{"embeddable":true,"href":"http:\/\/electronica-technologies.com\/auteg\/index.php\/wp-json\/wp\/v2\/comments?post=97"}],"version-history":[{"count":0,"href":"http:\/\/electronica-technologies.com\/auteg\/index.php\/wp-json\/wp\/v2\/pages\/97\/revisions"}],"wp:attachment":[{"href":"http:\/\/electronica-technologies.com\/auteg\/index.php\/wp-json\/wp\/v2\/media?parent=97"}],"curies":[{"name":"wp","href":"https:\/\/api.w.org\/{rel}","templated":true}]}}