{"id":78,"date":"2019-05-01T18:20:49","date_gmt":"2019-05-01T16:20:49","guid":{"rendered":"http:\/\/auteg.fr\/?page_id=78"},"modified":"2019-05-01T18:20:49","modified_gmt":"2019-05-01T16:20:49","slug":"station-auteg-c200","status":"publish","type":"page","link":"http:\/\/electronica-technologies.com\/auteg\/index.php\/station-auteg-c200\/","title":{"rendered":"Station Auteg C200"},"content":{"rendered":"\n\t\t\t\t<![CDATA[\n<figure class=\"wp-block-image\"><img loading=\"lazy\" decoding=\"async\" width=\"1024\" height=\"683\" src=\"http:\/\/electronica-technologies.com\/auteg\/wp-content\/uploads\/2019\/05\/Station_Auteg_C200-1024x683.jpg\" alt=\"\" class=\"wp-image-68\" srcset=\"http:\/\/electronica-technologies.com\/auteg\/wp-content\/uploads\/2019\/05\/Station_Auteg_C200-1024x683.jpg 1024w, http:\/\/electronica-technologies.com\/auteg\/wp-content\/uploads\/2019\/05\/Station_Auteg_C200-300x200.jpg 300w, http:\/\/electronica-technologies.com\/auteg\/wp-content\/uploads\/2019\/05\/Station_Auteg_C200-768x512.jpg 768w, http:\/\/electronica-technologies.com\/auteg\/wp-content\/uploads\/2019\/05\/Station_Auteg_C200.jpg 1134w\" sizes=\"auto, (max-width: 767px) 89vw, (max-width: 1000px) 54vw, (max-width: 1071px) 543px, 580px\" \/><figcaption> <br \/>  <\/figcaption><\/figure>\n\n\n<p><strong>Autonome<\/strong> : Sa tr\u00e8s faible consommation lui permet d\u2019\u00eatre mise sur site isol\u00e9. <br \/><strong>Compacte<\/strong> : Un condens\u00e9 de technologie dans un volume r\u00e9duit.   <br \/><strong>Robuste<\/strong> : Un fonctionnement en conditions difficiles avec parafoudre int\u00e9gr\u00e9.  <\/p>\n\n\n<ul class=\"wp-block-list\"><li>Assure la mise en \u0153uvre de capteurs <\/li><li>Effectue des mesures et des enregistrements <\/li><li>Associe des tables de conversion <\/li><li>Effectue des calculs de mise \u00e0 l\u2019\u00e9chelle <\/li><li>Surveille les valeurs seuils <\/li><li>Transmet des alarmes et des informations <\/li><li>G\u00e8re des d\u00e9fauts internes <\/li><li>Donne des ordres <\/li><li>Communique en local ou \u00e0 distance <\/li><li>Effectue des mesures internes ( Temp\u00e9rature, tension batterie, chargeur,&#8230;)&nbsp;<\/li><\/ul>\n\n\n<p><strong>Principales Performances <\/strong><\/p>\n\n\n<p>Autonomie :&nbsp;syst\u00e8me tr\u00e8s faible consommation avec batterie 6V-7,2Ah int\u00e9gr\u00e9e.  <br \/>Capacit\u00e9 de stockage de donn\u00e9es :&nbsp;plus de 32 000 informations capteurs trait\u00e9es, m\u00e9moris\u00e9es, et transform\u00e9es.   <br \/>Environnement :&nbsp;fonctionnement entre -20\u00b0C et +55\u00b0C. parafoudre int\u00e9gr\u00e9   <br \/>Consultation :&nbsp;interface IHM avec \u00e9cran graphique et touches de navigation. <br \/>Communication locale&nbsp;:&nbsp;Ports RS 232 \u2013 USB \u2013 Infra-rouge \u2013 Blue Tooth   <br \/>Communication distante : modem V92 ou GSM int\u00e9gr\u00e9     <br \/>Raccordement :&nbsp;sur borniers internes \u00e0 vis, entr\u00e9es dans le coffret par presse-\u00e9toupe en partie inf\u00e9rieure  <\/p>\n\n\n<p><strong>Caract\u00e9ristiques Techniques<\/strong><\/p>\n\n\n<p>Conditions climatiques de fonctionnement : De &#8211; 20\u00b0C \u00e0 + 55\u00b0C<br \/>Pr\u00e9cision : Horodateur avec sauvegarde par pile de grande stabilit\u00e9, inf\u00e9rieure \u00e0 15s \/ mois,&nbsp;d\u00e9rive en temp\u00e9rature +\/- 3.5 ppm<br \/>Robustesse : Coffret plastique \u00e9tanche IP 64 ( Largeur = 210 mm, Hauteur = 185 mm, Profondeur = 120 mm ). Parafoudre t\u00e9l\u00e9phonique RTC int\u00e9gr\u00e9.  <br \/>Tr\u00e8s faible consommation et autonomie d\u2019alimentation : La station g\u00e8re un mode veille avec une consommation de qq. \u03bcA, ce qui permet d\u2019avoir une grande auto- nomie sans alimentation autre que la batterie int\u00e9gr\u00e9e, interchangeable. Celle-ci peut \u00e9ventuellement \u00eatre maintenue en charge par un chargeur r\u00e9gul\u00e9 int\u00e9gr\u00e9, aliment\u00e9 entre 10,5V 32V continu.<br \/>Entr\u00e9es\/Sorties : 4 configurations possibles ( A, B, C ou D montage en usine )&nbsp; <\/p>\n\n\n<p><strong>Caract\u00e9ristiques des entr\u00e9es analogiques (voies ind\u00e9pendantes) <\/strong><\/p>\n\n\n<ul class=\"wp-block-list\"><li>Sonde PT100 4 ls =&nbsp;Gamme de -40+ \u00e0 +60\u00b0 ( r\u00e9solution 0,1\u00b0)&nbsp; <\/li><li>Entr\u00e9e tension con gurable par c\u00e2blage = 0-10V, 0-5V, 0-1V (courant d\u2019entr\u00e9e=1mA)&nbsp;<\/li><li>Entr\u00e9e courant con gurable par logiciel = 0-20 mA, 4-20 mA<\/li><\/ul>\n\n\n<p><strong>Caract\u00e9ristiques des entr\u00e9es logiques ( fonctionnant individuellement) <\/strong><\/p>\n\n\n<ul class=\"wp-block-list\"><li>Comptage ( fr\u00e9quence maxi 30 Hz) <\/li><li>Ev\u00e9nement ( ouverture et\/ou fermeture) <\/li><li>Entr\u00e9e tout ou rien simple<\/li><\/ul>\n\n\n<p><strong>Mesures internes<\/strong> : Mesure de tension d\u2019alimentation externe, de tension de batterie, de temp\u00e9rature interne ( +\/- 3 \u00b0C) <\/p>\n\n\n<p><strong>Moyen de communication <\/strong>: La station est \u00e9quip\u00e9e soit : <\/p>\n\n\n<ul class=\"wp-block-list\"><li>d\u2019un modem t\u00e9l\u00e9phonique RTC V92 int\u00e9gr\u00e9 ( jusqu\u2019\u00e0 56 kbits en transmission) <\/li><li>d\u2019un modem GSM int\u00e9gr\u00e9<\/li><\/ul>\n\n\n<p><strong>Facilit\u00e9 de mise en \u0153uvre<\/strong> : Installation avec peu de g\u00e9nie civil, la mise en oeuvre des capteurs est assur\u00e9e par des cartes \u00e9lectroniques qui assurent toutes les fonctionnalit\u00e9s n\u00e9cessaires, protection, alimentation, ampli cation, conversion&#8230;<\/p>\n\n\n<p><strong>Interface Homme Machine conviviale<\/strong> : L\u2019interface est compos\u00e9e d\u2019un clavier 6 touches et d\u2019un afficheur r\u00e9tro-\u00e9clair\u00e9 blanc de 55x46mm (128 x 64 pixels) qui permettent la consulation des mesures instantan\u00e9es sur les capteurs et les mesures internes <\/p>\n\n\n<p><strong>Principes g\u00e9n\u00e9raux<\/strong><\/p>\n\n\n<p><strong>Acquisition de donn\u00e9es<\/strong> : Mesure et enregistrement de valeurs de grandeurs physiques pour un traitement informatique en diff\u00e9r\u00e9 ou en temps r\u00e9el.&nbsp;Les donn\u00e9es sont r\u00e9cup\u00e9r\u00e9es :<\/p>\n\n\n<ul class=\"wp-block-list\"><li>En local, par liaison informatique RS232. <\/li><li>A distance, par un moyen de communication t\u00e9l\u00e9phonique RTC ou GSM.<\/li><\/ul>\n\n\n<p><strong>Surveillance<\/strong> : Mesure, \u00e9ventuellement acquisition de mesures, dans un but pr\u00e9ventif. La mesure effectu\u00e9e est repr\u00e9sentative d\u2019un ph\u00e9nom\u00e8ne dont on veut conna\u00eetre l\u2019\u00e9volution et s\u2019en pr\u00e9venir \u00e0 partir de valeurs de seuils dont le franchissement en plus ou en moins repr\u00e9sente un danger pour l\u2019environnement, la population&#8230; <\/p>\n\n\n<p><strong>T\u00e9l\u00e9commande<\/strong> : En plus des fonctionnalit\u00e9s ci-dessus d\u00e9crites, la Centrale C200 poss\u00e8de des fonctions pour forcer \u00e0 distance ou localement la marche ou l\u2019arr\u00eat des organes de commandes qui lui sont associ\u00e9s.<br \/>Les ordres d\u2019ex\u00e9cution sont donn\u00e9s \u00e0 distance par t\u00e9l\u00e9phone, RTC ou GSM, \u00e0 partir du micro-ordinateur de bureau. <\/p>\n\n\n<p><strong>Options<\/strong><\/p>\n\n\n<p>&#8211; Extension m\u00e9moire sur SDCARD jusqu\u2019\u00e0 2 GigaOctets.<br \/>&#8211; Communication par port USB.<br \/>&#8211; Communication par port local distant infrarouge IRDA ou sans l BlueTooth.  <br \/>&#8211; Synth\u00e8se vocale&nbsp; <\/p>\n\n\n<div class=\"wp-block-file\"><a href=\"http:\/\/electronica-technologies.com\/auteg\/wp-content\/uploads\/2019\/05\/fiche-auteg-C200-ed10-2-bdef.pdf\">fiche-auteg-C200-ed10-2-bdef<\/a><a href=\"http:\/\/electronica-technologies.com\/auteg\/wp-content\/uploads\/2019\/05\/fiche-auteg-C200-ed10-2-bdef.pdf\" class=\"wp-block-file__button\" download>T\u00e9l\u00e9charger<\/a><\/div>\n]]>\t\t","protected":false},"excerpt":{"rendered":"<p>\t\t\t\t<![CDATA[]]>\t\t<\/p>\n","protected":false},"author":2,"featured_media":0,"parent":0,"menu_order":0,"comment_status":"closed","ping_status":"closed","template":"","meta":{"footnotes":""},"class_list":["post-78","page","type-page","status-publish","hentry"],"_links":{"self":[{"href":"http:\/\/electronica-technologies.com\/auteg\/index.php\/wp-json\/wp\/v2\/pages\/78","targetHints":{"allow":["GET"]}}],"collection":[{"href":"http:\/\/electronica-technologies.com\/auteg\/index.php\/wp-json\/wp\/v2\/pages"}],"about":[{"href":"http:\/\/electronica-technologies.com\/auteg\/index.php\/wp-json\/wp\/v2\/types\/page"}],"author":[{"embeddable":true,"href":"http:\/\/electronica-technologies.com\/auteg\/index.php\/wp-json\/wp\/v2\/users\/2"}],"replies":[{"embeddable":true,"href":"http:\/\/electronica-technologies.com\/auteg\/index.php\/wp-json\/wp\/v2\/comments?post=78"}],"version-history":[{"count":0,"href":"http:\/\/electronica-technologies.com\/auteg\/index.php\/wp-json\/wp\/v2\/pages\/78\/revisions"}],"wp:attachment":[{"href":"http:\/\/electronica-technologies.com\/auteg\/index.php\/wp-json\/wp\/v2\/media?parent=78"}],"curies":[{"name":"wp","href":"https:\/\/api.w.org\/{rel}","templated":true}]}}