{"id":35,"date":"2019-05-01T09:43:52","date_gmt":"2019-05-01T07:43:52","guid":{"rendered":"http:\/\/auteg.fr\/?page_id=35"},"modified":"2019-05-01T09:43:52","modified_gmt":"2019-05-01T07:43:52","slug":"historique","status":"publish","type":"page","link":"http:\/\/electronica-technologies.com\/auteg\/index.php\/historique\/","title":{"rendered":"Historique de la marque Auteg"},"content":{"rendered":"\n\t\t\t\t<![CDATA[\n<div class=\"wp-block-cover has-background-dim is-layout-flow wp-block-cover-is-layout-flow\" style=\"background-image:url(http:\/\/electronica-technologies.com\/auteg\/wp-content\/uploads\/2019\/05\/riviere-1.jpg)\"><p class=\"wp-block-cover-text\">DES STATIONS DE MESURE AUTONOMES<br \/>A L\u2019EFFICACIT\u00c9 RECONNUE DEPUIS 40 ANS <\/p><\/div>\n\n\n<p style=\"text-align:left\"> En 1976, des pr\u00e9curseurs ont cr\u00e9\u00e9 les premi\u00e8res stations d\u2019acquisition autonomes sous le nom d\u2019EMAC. L\u2019acronyme EMAC, Enregistrement Magn\u00e9tique A Cassette, venait de la technologie disponible d\u2019alors :  des enregistrements de donn\u00e9es effectu\u00e9s sur cassette audio. <\/p>\n\n\n<p style=\"text-align:left\">En 2007, ELECTRONICA TECHNOLOGIES rach\u00e8te la structure et commercialise les stations qu\u2019elle con\u00e7oit  sous le nom d\u2019AUTEG.&nbsp;40 ans apr\u00e8s les premiers mod\u00e8les, les nouveaux \u00e9quipements AUTEG r\u00e9pondent plus que jamais aux exigences d\u2019un march\u00e9 en perp\u00e9tuelle \u00e9volution.&nbsp;Les produits AUTEG sont pr\u00e9sents sur le march\u00e9 de la m\u00e9t\u00e9o routi\u00e8re, aux exigences d\u2019un march\u00e9 en perp\u00e9tuelle \u00e9volution.&nbsp;Les produits AUTEG sont pr\u00e9sents sur le march\u00e9 de la m\u00e9t\u00e9o routi\u00e8re, de la pr\u00e9vention des risques de crue, du suivi de la qualit\u00e9 des eaux et de toutes formes d\u2019acquisitions de donn\u00e9es, en milieux \u00ab difficiles \u00bb&nbsp;(\u00e9nergie limit\u00e9e, communication difficile, conditions climatiques s\u00e9v\u00e8res). <\/p>\n\n\n<p>1976 : Cr\u00e9ation de la premi\u00e8re station Auteg<\/p>\n\n\n<p>1985 : Premi\u00e8re Emac 85 sur le march\u00e9 avec t\u00e9l\u00e9gestion<\/p>\n\n\n<p>1996 : commercialisation de la premi\u00e8re station Emac96 avec centralisation des donn\u00e9es vers le superviseur Logemac<\/p>\n\n\n<p>1998 : Emac98 avec communication GSM et messages vocaux<\/p>\n\n\n<figure class=\"wp-block-image\"><img loading=\"lazy\" decoding=\"async\" width=\"150\" height=\"150\" src=\"http:\/\/electronica-technologies.com\/auteg\/wp-content\/uploads\/2019\/05\/Station_Auteg_EMAC98-150x150.jpg\" alt=\"\" class=\"wp-image-134\"\/><figcaption>Station Auteg Emac98<\/figcaption><\/figure>\n\n\n<p>2007 : rachat par Electronica Technologies&nbsp;<\/p>\n\n\n<p>2009 : Station universelle C200 avec le logiciel ARA<\/p>\n\n\n<p>2012 : Station compact E210<\/p>\n\n\n<p>2014 : Station simplifi\u00e9e L100<\/p>\n\n\n<figure class=\"wp-block-image\"><img loading=\"lazy\" decoding=\"async\" width=\"150\" height=\"150\" src=\"http:\/\/electronica-technologies.com\/auteg\/wp-content\/uploads\/2019\/05\/Station_Auteg_L100-1-150x150.jpg\" alt=\"\" class=\"wp-image-136\"\/><figcaption>Station Auteg L100<\/figcaption><\/figure>\n\n\n<p>2016 : Auteg f\u00eate ses 40 ans<\/p>\n]]>\t\t","protected":false},"excerpt":{"rendered":"<p>\t\t\t\t<![CDATA[]]>\t\t<\/p>\n","protected":false},"author":2,"featured_media":0,"parent":0,"menu_order":0,"comment_status":"closed","ping_status":"closed","template":"","meta":{"footnotes":""},"class_list":["post-35","page","type-page","status-publish","hentry"],"_links":{"self":[{"href":"http:\/\/electronica-technologies.com\/auteg\/index.php\/wp-json\/wp\/v2\/pages\/35","targetHints":{"allow":["GET"]}}],"collection":[{"href":"http:\/\/electronica-technologies.com\/auteg\/index.php\/wp-json\/wp\/v2\/pages"}],"about":[{"href":"http:\/\/electronica-technologies.com\/auteg\/index.php\/wp-json\/wp\/v2\/types\/page"}],"author":[{"embeddable":true,"href":"http:\/\/electronica-technologies.com\/auteg\/index.php\/wp-json\/wp\/v2\/users\/2"}],"replies":[{"embeddable":true,"href":"http:\/\/electronica-technologies.com\/auteg\/index.php\/wp-json\/wp\/v2\/comments?post=35"}],"version-history":[{"count":0,"href":"http:\/\/electronica-technologies.com\/auteg\/index.php\/wp-json\/wp\/v2\/pages\/35\/revisions"}],"wp:attachment":[{"href":"http:\/\/electronica-technologies.com\/auteg\/index.php\/wp-json\/wp\/v2\/media?parent=35"}],"curies":[{"name":"wp","href":"https:\/\/api.w.org\/{rel}","templated":true}]}}