{"id":31,"date":"2019-05-01T09:43:52","date_gmt":"2019-05-01T07:43:52","guid":{"rendered":"http:\/\/auteg.fr\/?page_id=31"},"modified":"2019-05-01T09:43:52","modified_gmt":"2019-05-01T07:43:52","slug":"nos-stations","status":"publish","type":"page","link":"http:\/\/electronica-technologies.com\/auteg\/index.php\/nos-stations\/","title":{"rendered":"Nos stations de mesure Auteg"},"content":{"rendered":"\n\t\t\t\t<![CDATA[\n<figure class=\"wp-block-image\"><a href=\"http:\/\/auteg.fr\/?page_id=84\"><img loading=\"lazy\" decoding=\"async\" width=\"1024\" height=\"683\" src=\"http:\/\/electronica-technologies.com\/auteg\/wp-content\/uploads\/2019\/05\/Station_Auteg_L210-1024x683.jpg\" alt=\"\" class=\"wp-image-69\" srcset=\"http:\/\/electronica-technologies.com\/auteg\/wp-content\/uploads\/2019\/05\/Station_Auteg_L210-1024x683.jpg 1024w, http:\/\/electronica-technologies.com\/auteg\/wp-content\/uploads\/2019\/05\/Station_Auteg_L210-300x200.jpg 300w, http:\/\/electronica-technologies.com\/auteg\/wp-content\/uploads\/2019\/05\/Station_Auteg_L210-768x512.jpg 768w, http:\/\/electronica-technologies.com\/auteg\/wp-content\/uploads\/2019\/05\/Station_Auteg_L210.jpg 1134w\" sizes=\"auto, (max-width: 767px) 89vw, (max-width: 1000px) 54vw, (max-width: 1071px) 543px, 580px\" \/><\/a><figcaption><strong><a href=\"http:\/\/auteg.fr\/?page_id=84\">Station Auteg E210<\/a><\/strong><\/figcaption><\/figure>\n\n\n<p>La Station E210&nbsp; a \u00e9t\u00e9 sp\u00e9cialement con\u00e7ue pour permettre l\u2019acquisition, le traitement, l\u2019affichage et l\u2019enregistrement de donn\u00e9es relatives \u00e0 notre gamme de cryop\u00e9dom\u00e8tres. Reli\u00e9e \u00e0 une sonde de mesure de temp\u00e9rature de&nbsp;profondeur de sol, elle est particuli\u00e8rement adapt\u00e9e \u00e0 la t\u00e9l\u00e9transmission journali\u00e8re des temp\u00e9ratures  des&nbsp;diff\u00e9rentes couches internes de la chauss\u00e9e. Associ\u00e9e \u00e0 un capteur d\u2019humidit\u00e9, elle est capable aussi de calculer le point de ros\u00e9e et de pr\u00e9venir des risques de verglas. <\/p>\n\n\n<hr class=\"wp-block-separator is-style-wide\"\/>\n\n\n<figure class=\"wp-block-image\"><a href=\"http:\/\/auteg.fr\/?page_id=78(ouvre un nouvel onglet)\"><img loading=\"lazy\" decoding=\"async\" width=\"1024\" height=\"683\" src=\"http:\/\/electronica-technologies.com\/auteg\/wp-content\/uploads\/2019\/05\/Station_Auteg_C200-1024x683.jpg\" alt=\"\" class=\"wp-image-68\" srcset=\"http:\/\/electronica-technologies.com\/auteg\/wp-content\/uploads\/2019\/05\/Station_Auteg_C200-1024x683.jpg 1024w, http:\/\/electronica-technologies.com\/auteg\/wp-content\/uploads\/2019\/05\/Station_Auteg_C200-300x200.jpg 300w, http:\/\/electronica-technologies.com\/auteg\/wp-content\/uploads\/2019\/05\/Station_Auteg_C200-768x512.jpg 768w, http:\/\/electronica-technologies.com\/auteg\/wp-content\/uploads\/2019\/05\/Station_Auteg_C200.jpg 1134w\" sizes=\"auto, (max-width: 767px) 89vw, (max-width: 1000px) 54vw, (max-width: 1071px) 543px, 580px\" \/><\/a><figcaption><a href=\"http:\/\/auteg.fr\/?page_id=78\"><strong>Station Auteg C200<\/strong><\/a><\/figcaption><\/figure>\n\n\n<p>La Centrale C200 permet l\u2019acquisition, le traitement, l\u2019affichage, l\u2019enregistrement et la transmission de donn\u00e9es, la commande de p\u00e9riph\u00e9riques associ\u00e9s.  <\/p>\n\n\n<hr class=\"wp-block-separator is-style-wide\"\/>\n\n\n<figure class=\"wp-block-image is-resized\"><img loading=\"lazy\" decoding=\"async\" src=\"http:\/\/electronica-technologies.com\/auteg\/wp-content\/uploads\/2019\/05\/Station_Auteg_L100-1024x683.jpg\" alt=\"\" class=\"wp-image-67\" width=\"585\" height=\"390\" srcset=\"http:\/\/electronica-technologies.com\/auteg\/wp-content\/uploads\/2019\/05\/Station_Auteg_L100-1024x683.jpg 1024w, http:\/\/electronica-technologies.com\/auteg\/wp-content\/uploads\/2019\/05\/Station_Auteg_L100-300x200.jpg 300w, http:\/\/electronica-technologies.com\/auteg\/wp-content\/uploads\/2019\/05\/Station_Auteg_L100-768x512.jpg 768w, http:\/\/electronica-technologies.com\/auteg\/wp-content\/uploads\/2019\/05\/Station_Auteg_L100.jpg 1134w\" sizes=\"auto, (max-width: 585px) 100vw, 585px\" \/><figcaption><a href=\"http:\/\/auteg.fr\/?page_id=74\">Station Auteg L100<\/a><\/figcaption><\/figure>\n\n\n<p><\/p>\n\n\n<hr class=\"wp-block-separator is-style-wide\"\/>\n]]>\t\t","protected":false},"excerpt":{"rendered":"<p>\t\t\t\t<![CDATA[]]>\t\t<\/p>\n","protected":false},"author":2,"featured_media":0,"parent":0,"menu_order":0,"comment_status":"closed","ping_status":"closed","template":"","meta":{"footnotes":""},"class_list":["post-31","page","type-page","status-publish","hentry"],"_links":{"self":[{"href":"http:\/\/electronica-technologies.com\/auteg\/index.php\/wp-json\/wp\/v2\/pages\/31","targetHints":{"allow":["GET"]}}],"collection":[{"href":"http:\/\/electronica-technologies.com\/auteg\/index.php\/wp-json\/wp\/v2\/pages"}],"about":[{"href":"http:\/\/electronica-technologies.com\/auteg\/index.php\/wp-json\/wp\/v2\/types\/page"}],"author":[{"embeddable":true,"href":"http:\/\/electronica-technologies.com\/auteg\/index.php\/wp-json\/wp\/v2\/users\/2"}],"replies":[{"embeddable":true,"href":"http:\/\/electronica-technologies.com\/auteg\/index.php\/wp-json\/wp\/v2\/comments?post=31"}],"version-history":[{"count":0,"href":"http:\/\/electronica-technologies.com\/auteg\/index.php\/wp-json\/wp\/v2\/pages\/31\/revisions"}],"wp:attachment":[{"href":"http:\/\/electronica-technologies.com\/auteg\/index.php\/wp-json\/wp\/v2\/media?parent=31"}],"curies":[{"name":"wp","href":"https:\/\/api.w.org\/{rel}","templated":true}]}}