{"id":158,"date":"2019-05-05T19:34:48","date_gmt":"2019-05-05T17:34:48","guid":{"rendered":"http:\/\/auteg.fr\/?page_id=158"},"modified":"2019-05-05T19:34:48","modified_gmt":"2019-05-05T17:34:48","slug":"qui-sommes-nous","status":"publish","type":"page","link":"http:\/\/electronica-technologies.com\/auteg\/index.php\/qui-sommes-nous\/","title":{"rendered":"Qui sommes nous ?"},"content":{"rendered":"\n\t\t\t\t<![CDATA[\n<h2 class=\"wp-block-heading\">SYST\u00c8MES \u00c9LECTRONIQUES PROFESSIONNELS <br \/>POUR VOS BESOINS DE MESURE ET DE CONTR\u00d4LE <\/h2>\n\n\n<h1 class=\"wp-block-heading\">Depuis 1987, ELECTRONICA TECHNOLOGIES con\u00e7oit, fabrique, r\u00e9pare et entretient, en petites et moyennes s\u00e9ries, <br \/>des ensembles et sous-ensembles \u00e9lectroniques dans le domaine de l\u2019\u00e9lectronique de mesure et de contr\u00f4le. <\/h1>\n]]>\t\t","protected":false},"excerpt":{"rendered":"<p>\t\t\t\t<![CDATA[]]>\t\t<\/p>\n","protected":false},"author":2,"featured_media":0,"parent":0,"menu_order":0,"comment_status":"closed","ping_status":"closed","template":"","meta":{"footnotes":""},"class_list":["post-158","page","type-page","status-publish","hentry"],"_links":{"self":[{"href":"http:\/\/electronica-technologies.com\/auteg\/index.php\/wp-json\/wp\/v2\/pages\/158","targetHints":{"allow":["GET"]}}],"collection":[{"href":"http:\/\/electronica-technologies.com\/auteg\/index.php\/wp-json\/wp\/v2\/pages"}],"about":[{"href":"http:\/\/electronica-technologies.com\/auteg\/index.php\/wp-json\/wp\/v2\/types\/page"}],"author":[{"embeddable":true,"href":"http:\/\/electronica-technologies.com\/auteg\/index.php\/wp-json\/wp\/v2\/users\/2"}],"replies":[{"embeddable":true,"href":"http:\/\/electronica-technologies.com\/auteg\/index.php\/wp-json\/wp\/v2\/comments?post=158"}],"version-history":[{"count":0,"href":"http:\/\/electronica-technologies.com\/auteg\/index.php\/wp-json\/wp\/v2\/pages\/158\/revisions"}],"wp:attachment":[{"href":"http:\/\/electronica-technologies.com\/auteg\/index.php\/wp-json\/wp\/v2\/media?parent=158"}],"curies":[{"name":"wp","href":"https:\/\/api.w.org\/{rel}","templated":true}]}}