{"id":139,"date":"2019-05-03T09:52:33","date_gmt":"2019-05-03T07:52:33","guid":{"rendered":"http:\/\/auteg.fr\/?page_id=139"},"modified":"2019-05-03T09:52:33","modified_gmt":"2019-05-03T07:52:33","slug":"notre-logiciel-auteg-remote-access-ara","status":"publish","type":"page","link":"http:\/\/electronica-technologies.com\/auteg\/index.php\/notre-logiciel-auteg-remote-access-ara\/","title":{"rendered":"Notre logiciel Auteg Remote Access (ARA)"},"content":{"rendered":"\n\t\t\t\t<![CDATA[\n<p>Les informations transmises par les stations Auteg sont trait\u00e9es et mises \u00e0 disposition par le logiciel Auteg Remote Access (ARA), sp\u00e9cialement con\u00e7u pour une utilisation simple et intuitive, avec une prise en main rapide. <\/p>\n\n\n<p>Le logiciel \u00ab ARA \u00bb permet au niveau local d\u2019effectuer les op\u00e9rations suivantes : <\/p>\n\n\n<ul class=\"wp-block-list\"><li>Visualisation globale des sites <\/li><li>Param\u00e9trage complet des stations (configuration des voies, des pas de temps, \u2026)   <\/li><li>Visualisation globale des sites <\/li><li>Rapatriement de valeurs enregistr\u00e9es par les stations &#8211; Stockage des donn\u00e9es compatibles tableur<\/li><li>Communication locale (RS232) ou via modem <\/li><li> Auteg RemoteAccess permet aussi de pr\u00e9senter les mesures sous forme graphique, ou sous forme de tableau dans un tableur <\/li><\/ul>\n\n\n<figure class=\"wp-block-image\"><img loading=\"lazy\" decoding=\"async\" width=\"1024\" height=\"607\" src=\"http:\/\/electronica-technologies.com\/auteg\/wp-content\/uploads\/2019\/05\/Graphique_Auteg-_Remote_Access_1-1024x607.jpg\" alt=\"\" class=\"wp-image-144\" srcset=\"http:\/\/electronica-technologies.com\/auteg\/wp-content\/uploads\/2019\/05\/Graphique_Auteg-_Remote_Access_1-1024x607.jpg 1024w, http:\/\/electronica-technologies.com\/auteg\/wp-content\/uploads\/2019\/05\/Graphique_Auteg-_Remote_Access_1-300x178.jpg 300w, http:\/\/electronica-technologies.com\/auteg\/wp-content\/uploads\/2019\/05\/Graphique_Auteg-_Remote_Access_1-768x456.jpg 768w, http:\/\/electronica-technologies.com\/auteg\/wp-content\/uploads\/2019\/05\/Graphique_Auteg-_Remote_Access_1.jpg 1138w\" sizes=\"auto, (max-width: 767px) 89vw, (max-width: 1000px) 54vw, (max-width: 1071px) 543px, 580px\" \/><\/figure>\n\n\n<figure class=\"wp-block-image\"><img decoding=\"async\" src=\"http:\/\/electronica-technologies.com\/auteg\/wp-content\/uploads\/2019\/05\/Configuration_Station_ARA.jpg\" alt=\"\" class=\"wp-image-145\"\/><\/figure>\n\n\n<div class=\"wp-block-file\"><a href=\"http:\/\/electronica-technologies.com\/auteg\/wp-content\/uploads\/2019\/05\/Auteg-Remote-Access.pdf\">Auteg Remote Access<\/a><a href=\"http:\/\/electronica-technologies.com\/auteg\/wp-content\/uploads\/2019\/05\/Auteg-Remote-Access.pdf\" class=\"wp-block-file__button\" download>T\u00e9l\u00e9charger<\/a><\/div>\n]]>\t\t","protected":false},"excerpt":{"rendered":"<p>\t\t\t\t<![CDATA[]]>\t\t<\/p>\n","protected":false},"author":2,"featured_media":0,"parent":0,"menu_order":0,"comment_status":"closed","ping_status":"closed","template":"","meta":{"footnotes":""},"class_list":["post-139","page","type-page","status-publish","hentry"],"_links":{"self":[{"href":"http:\/\/electronica-technologies.com\/auteg\/index.php\/wp-json\/wp\/v2\/pages\/139","targetHints":{"allow":["GET"]}}],"collection":[{"href":"http:\/\/electronica-technologies.com\/auteg\/index.php\/wp-json\/wp\/v2\/pages"}],"about":[{"href":"http:\/\/electronica-technologies.com\/auteg\/index.php\/wp-json\/wp\/v2\/types\/page"}],"author":[{"embeddable":true,"href":"http:\/\/electronica-technologies.com\/auteg\/index.php\/wp-json\/wp\/v2\/users\/2"}],"replies":[{"embeddable":true,"href":"http:\/\/electronica-technologies.com\/auteg\/index.php\/wp-json\/wp\/v2\/comments?post=139"}],"version-history":[{"count":0,"href":"http:\/\/electronica-technologies.com\/auteg\/index.php\/wp-json\/wp\/v2\/pages\/139\/revisions"}],"wp:attachment":[{"href":"http:\/\/electronica-technologies.com\/auteg\/index.php\/wp-json\/wp\/v2\/media?parent=139"}],"curies":[{"name":"wp","href":"https:\/\/api.w.org\/{rel}","templated":true}]}}